{"id":1772,"date":"2018-02-09T09:00:09","date_gmt":"2018-02-09T08:00:09","guid":{"rendered":"http:\/\/www.syslat.fr\/?page_id=1772"},"modified":"2018-02-09T09:00:09","modified_gmt":"2018-02-09T08:00:09","slug":"questionnaire-syslat-vos-utilisations","status":"publish","type":"page","link":"https:\/\/www.syslat.fr\/index.php\/questionnaire-syslat-vos-utilisations\/","title":{"rendered":"Questionnaire Syslat : vos utilisations"},"content":{"rendered":"<p style=\"text-align: center;\">Ce questionnaire vise \u00e0 mieux conna\u00eetre les diff\u00e9rents acteurs de l&rsquo;arch\u00e9ologie qui ont recours \u00e0 la suite Syslat et l&rsquo;utilisation qu&rsquo;ils en ont. Les r\u00e9ponses apport\u00e9es pourront nous aider \u00e0 mieux d\u00e9finir vos besoins et ainsi participer aux futures \u00e9volutions de la suite logicielle.<\/p>\n<p style=\"text-align: center;\">Merci pour les quelques minutes que vous consacrerez pour r\u00e9pondre \u00e0 ce questionnaire<\/p>\n<p style=\"text-align: center;\"><iframe loading=\"lazy\" src=\"https:\/\/docs.google.com\/forms\/d\/e\/1FAIpQLScyhqlVrk9Cm-vAde6OwqYz9n_cq8fy5tXBc3fCy-oyiScXvw\/viewform?embedded=true#responses\" width=\"2000\" height=\"1200\" frameborder=\"0\" marginwidth=\"0\" marginheight=\"0\">Chargement en cours&#8230;<\/iframe><\/p>\n","protected":false},"excerpt":{"rendered":"<p>Ce questionnaire vise \u00e0 mieux conna\u00eetre les diff\u00e9rents acteurs de l&rsquo;arch\u00e9ologie qui ont recours \u00e0 la suite Syslat et l&rsquo;utilisation qu&rsquo;ils en ont. Les r\u00e9ponses apport\u00e9es pourront nous aider \u00e0 mieux d\u00e9finir vos besoins et ainsi participer aux futures \u00e9volutions de la suite logicielle. Merci pour les quelques minutes que vous consacrerez pour r\u00e9pondre \u00e0 [&hellip;]<\/p>\n","protected":false},"author":2,"featured_media":0,"parent":0,"menu_order":0,"comment_status":"closed","ping_status":"closed","template":"","meta":{"footnotes":""},"class_list":["post-1772","page","type-page","status-publish","czr-hentry"],"_links":{"self":[{"href":"https:\/\/www.syslat.fr\/index.php\/wp-json\/wp\/v2\/pages\/1772","targetHints":{"allow":["GET"]}}],"collection":[{"href":"https:\/\/www.syslat.fr\/index.php\/wp-json\/wp\/v2\/pages"}],"about":[{"href":"https:\/\/www.syslat.fr\/index.php\/wp-json\/wp\/v2\/types\/page"}],"author":[{"embeddable":true,"href":"https:\/\/www.syslat.fr\/index.php\/wp-json\/wp\/v2\/users\/2"}],"replies":[{"embeddable":true,"href":"https:\/\/www.syslat.fr\/index.php\/wp-json\/wp\/v2\/comments?post=1772"}],"version-history":[{"count":8,"href":"https:\/\/www.syslat.fr\/index.php\/wp-json\/wp\/v2\/pages\/1772\/revisions"}],"predecessor-version":[{"id":1780,"href":"https:\/\/www.syslat.fr\/index.php\/wp-json\/wp\/v2\/pages\/1772\/revisions\/1780"}],"wp:attachment":[{"href":"https:\/\/www.syslat.fr\/index.php\/wp-json\/wp\/v2\/media?parent=1772"}],"curies":[{"name":"wp","href":"https:\/\/api.w.org\/{rel}","templated":true}]}}