{"id":63,"date":"2017-10-18T15:30:08","date_gmt":"2017-10-18T13:30:08","guid":{"rendered":"http:\/\/www.syslat.fr\/?page_id=63"},"modified":"2020-07-07T11:35:26","modified_gmt":"2020-07-07T09:35:26","slug":"isyslatpro","status":"publish","type":"page","link":"https:\/\/www.syslat.fr\/index.php\/syslat\/isyslatpro\/","title":{"rendered":"iSyslatPro 2"},"content":{"rendered":"<div id=\"pl-63\"  class=\"panel-layout\" ><div id=\"pg-63-0\"  class=\"panel-grid panel-no-style\" ><div id=\"pgc-63-0-0\"  class=\"panel-grid-cell\" ><div id=\"panel-63-0-0-0\" class=\"so-panel widget widget_sow-image panel-first-child panel-last-child\" data-index=\"0\" ><div\n\t\t\t\n\t\t\tclass=\"so-widget-sow-image so-widget-sow-image-default-8b5b6f678277-63\"\n\t\t\t\n\t\t>\n<div class=\"sow-image-container\">\n\t\t<img loading=\"lazy\" decoding=\"async\" src=\"https:\/\/www.syslat.fr\/wp-content\/uploads\/2020\/07\/isyslatpro2-entete.png\" width=\"820\" height=\"1308\" srcset=\"https:\/\/www.syslat.fr\/wp-content\/uploads\/2020\/07\/isyslatpro2-entete.png 820w, https:\/\/www.syslat.fr\/wp-content\/uploads\/2020\/07\/isyslatpro2-entete-188x300.png 188w, https:\/\/www.syslat.fr\/wp-content\/uploads\/2020\/07\/isyslatpro2-entete-642x1024.png 642w, https:\/\/www.syslat.fr\/wp-content\/uploads\/2020\/07\/isyslatpro2-entete-768x1225.png 768w\" sizes=\"auto, (max-width: 820px) 100vw, 820px\" alt=\"\" \t\tclass=\"so-widget-image\"\/>\n\t<\/div>\n\n<\/div><\/div><\/div><div id=\"pgc-63-0-1\"  class=\"panel-grid-cell\" ><div id=\"panel-63-0-1-0\" class=\"so-panel widget widget_sow-editor panel-first-child panel-last-child\" data-index=\"1\" ><div\n\t\t\t\n\t\t\tclass=\"so-widget-sow-editor so-widget-sow-editor-base\"\n\t\t\t\n\t\t>\n<div class=\"siteorigin-widget-tinymce textwidget\">\n\t<h1 style=\"text-align: center;\"><span style=\"font-size: 18pt;\"><strong>iSyslatPro 2, <span style=\"font-size: 14pt;\">La solution mobile d'enregistrement<\/span><\/strong><\/span><\/h1>\n<p style=\"text-align: center;\">iSyslatPro 2 est une application pour mobiles disponible sur Android et iOS. Elle permet de g\u00e9rer l'essentiel des donn\u00e9es de terrain sur des fiches adapt\u00e9es \u00e0 la saisie et \u00e0 la consultation mobile.<\/p>\n<p style=\"text-align: center;\">Comme Syslat-Terminal, l'application est \"<em>multi-serveur<\/em>\"\u00a0: en mode serveur, iSyslatPro permet de consulter ou d'enregistrer les donn\u00e9es en temps r\u00e9el sur le serveur Huma-Num (ou un autre serveur), via une connexion cellulaire ou wifi. En l'absence de r\u00e9seau, l'application peut \u00eatre configur\u00e9e en mode local pour travailler \"hors connexion\" et stocker les donn\u00e9es sur l'appareil mobile. Une fois connect\u00e9 \u00e0 internet, un module de synchronisation permet de mettre \u00e0 jour les donn\u00e9es avec le serveur distant.<\/p>\n<\/div>\n<\/div><\/div><\/div><\/div><div id=\"pg-63-1\"  class=\"panel-grid panel-no-style\" ><div id=\"pgc-63-1-0\"  class=\"panel-grid-cell panel-grid-cell-empty\" ><\/div><div id=\"pgc-63-1-1\"  class=\"panel-grid-cell panel-grid-cell-mobile-last\" ><div id=\"panel-63-1-1-0\" class=\"so-panel widget widget_media_image panel-first-child panel-last-child\" data-index=\"2\" ><img loading=\"lazy\" decoding=\"async\" width=\"150\" height=\"150\" src=\"https:\/\/www.syslat.fr\/wp-content\/uploads\/2020\/07\/icon512-150x150.png\" class=\"image wp-image-3097  attachment-thumbnail size-thumbnail\" alt=\"\" style=\"max-width: 100%; height: auto;\" srcset=\"https:\/\/www.syslat.fr\/wp-content\/uploads\/2020\/07\/icon512-150x150.png 150w, https:\/\/www.syslat.fr\/wp-content\/uploads\/2020\/07\/icon512-300x300.png 300w, https:\/\/www.syslat.fr\/wp-content\/uploads\/2020\/07\/icon512-510x510.png 510w, https:\/\/www.syslat.fr\/wp-content\/uploads\/2020\/07\/icon512.png 512w\" sizes=\"auto, (max-width: 150px) 100vw, 150px\" \/><\/div><\/div><div id=\"pgc-63-1-2\"  class=\"panel-grid-cell panel-grid-cell-empty\" ><\/div><\/div><div id=\"pg-63-2\"  class=\"panel-grid panel-no-style\" ><div id=\"pgc-63-2-0\"  class=\"panel-grid-cell\" ><div id=\"panel-63-2-0-0\" class=\"so-panel widget widget_sow-editor panel-first-child panel-last-child\" data-index=\"3\" ><div\n\t\t\t\n\t\t\tclass=\"so-widget-sow-editor so-widget-sow-editor-base\"\n\t\t\t\n\t\t>\n<div class=\"siteorigin-widget-tinymce textwidget\">\n\t<h2><span style=\"font-size: 18pt;\"><strong>Toute une partie de Syslat accessible en mobilit\u00e9\u00a0<\/strong><\/span><\/h2>\n<p><img loading=\"lazy\" decoding=\"async\" class=\"wp-image-3093 size-medium alignright\" src=\"http:\/\/www.syslat.fr\/wp-content\/uploads\/2020\/07\/isyslatpro2-fichiers-158x300.png\" alt=\"\" width=\"158\" height=\"300\" srcset=\"https:\/\/www.syslat.fr\/wp-content\/uploads\/2020\/07\/isyslatpro2-fichiers-158x300.png 158w, https:\/\/www.syslat.fr\/wp-content\/uploads\/2020\/07\/isyslatpro2-fichiers.png 528w\" sizes=\"auto, (max-width: 158px) 100vw, 158px\" \/>iSyslatPro 2 permet un acc\u00e8s complet \u00e0 plusieurs des fichiers du SIA sous les m\u00eames conditions que Syslat-Terminal\u00a0: Il suffit de saisir le code du compte de site et de se connecter \u00e0 l'aide d'un mot de passe de saisie ou de consultation. Au pr\u00e9alable, le compte de site et les fichiers doivent avoir \u00e9t\u00e9 cr\u00e9\u00e9s avec Syslat-Terminal par le responsable de la fouille.<\/p>\n<p>L'application est avant tout con\u00e7ue pour permettre l'enregistrement et la consultation directement sur la fouille. Ainsi, pour aller \u00e0 l'essentiel et gagner en rapidit\u00e9, seuls les fichiers de terrain sont accessibles\u00a0: Us, Fait et Ensemble, ainsi que les fichiers Doc\u00a0et Photo pour l'enregistrement des relev\u00e9s et des photographies de fouille. Dans la derni\u00e8re version, l'application a \u00e9t\u00e9 augment\u00e9e de quelques fichiers pour permettre une partie de la gestion du mobilier arch\u00e9ologique, avec l'ajout des fichiers Mobi, Cer et Typocer. Gr\u00e2ce \u00e0 eux, il est d\u00e9sormais possible de commencer l'inventaire du mobilier directement sur le terrain, ou encore d'utiliser iSyslatPro pour la saisie du mobilier c\u00e9ramique pendant les phases de post-fouille.<\/p>\n<\/div>\n<\/div><\/div><\/div><\/div><div id=\"pg-63-3\"  class=\"panel-grid panel-no-style\" ><div id=\"pgc-63-3-0\"  class=\"panel-grid-cell\" ><div id=\"panel-63-3-0-0\" class=\"so-panel widget widget_sow-editor panel-first-child panel-last-child\" data-index=\"4\" ><div\n\t\t\t\n\t\t\tclass=\"so-widget-sow-editor so-widget-sow-editor-base\"\n\t\t\t\n\t\t>\n<div class=\"siteorigin-widget-tinymce textwidget\">\n\t<div id='gallery-1' class='czr-gallery row flex-row czr-gallery-style gallery galleryid-63 gallery-columns-2 gallery-size-medium'><figure class='gallery-item col col-auto'>\r\n                        <div class='gallery-icon portrait czr-gallery-icon'>\r\n                              <a data-lb-type=\"grouped-gallery\" title=\"Menu d\u00e9roulant hi\u00e9rarchique\" href=https:\/\/www.syslat.fr\/wp-content\/uploads\/2020\/07\/isyslatpro2-menu.png class=\"bg-link\"><\/a><img loading=\"lazy\" decoding=\"async\" width=\"169\" height=\"300\" src=\"https:\/\/www.syslat.fr\/wp-content\/uploads\/2020\/07\/isyslatpro2-menu-169x300.png\" class=\"attachment-medium size-medium\" alt=\"\" sizes=\"auto, (min-width: 1200px) 540px, (min-width: 992px) 450px, (min-width: 768px) 330px, (min-width: 576px) 240px, calc( 50vw - 30px )\" aria-describedby=\"gallery-1-3094\" srcset=\"https:\/\/www.syslat.fr\/wp-content\/uploads\/2020\/07\/isyslatpro2-menu-169x300.png 169w, https:\/\/www.syslat.fr\/wp-content\/uploads\/2020\/07\/isyslatpro2-menu-576x1024.png 576w, https:\/\/www.syslat.fr\/wp-content\/uploads\/2020\/07\/isyslatpro2-menu.png 750w\" \/>\r\n                        <\/div>\r\n                              <figcaption class='wp-caption-text gallery-caption' id='gallery-1-3094'>\r\n                              Menu d\u00e9roulant hi\u00e9rarchique\r\n                              <\/figcaption><\/figure><figure class='gallery-item col col-auto'>\r\n                        <div class='gallery-icon portrait czr-gallery-icon'>\r\n                              <a data-lb-type=\"grouped-gallery\" title=\"Module de prise de photo et de synchronisation\" href=https:\/\/www.syslat.fr\/wp-content\/uploads\/2020\/07\/isyslatpro2-photo.png class=\"bg-link\"><\/a><img loading=\"lazy\" decoding=\"async\" width=\"169\" height=\"300\" src=\"https:\/\/www.syslat.fr\/wp-content\/uploads\/2020\/07\/isyslatpro2-photo-169x300.png\" class=\"attachment-medium size-medium\" alt=\"\" sizes=\"auto, (min-width: 1200px) 540px, (min-width: 992px) 450px, (min-width: 768px) 330px, (min-width: 576px) 240px, calc( 50vw - 30px )\" aria-describedby=\"gallery-1-3096\" srcset=\"https:\/\/www.syslat.fr\/wp-content\/uploads\/2020\/07\/isyslatpro2-photo-169x300.png 169w, https:\/\/www.syslat.fr\/wp-content\/uploads\/2020\/07\/isyslatpro2-photo-576x1024.png 576w, https:\/\/www.syslat.fr\/wp-content\/uploads\/2020\/07\/isyslatpro2-photo.png 750w\" \/>\r\n                        <\/div>\r\n                              <figcaption class='wp-caption-text gallery-caption' id='gallery-1-3096'>\r\n                              Module de prise de photo et de synchronisation\r\n                              <\/figcaption><\/figure><figure class='gallery-item col col-auto'>\r\n                        <div class='gallery-icon portrait czr-gallery-icon'>\r\n                              <a data-lb-type=\"grouped-gallery\" title=\"Outils et \u00e9ditions dans une fiche\" href=https:\/\/www.syslat.fr\/wp-content\/uploads\/2020\/07\/isyslatpro2-options.png class=\"bg-link\"><\/a><img loading=\"lazy\" decoding=\"async\" width=\"169\" height=\"300\" src=\"https:\/\/www.syslat.fr\/wp-content\/uploads\/2020\/07\/isyslatpro2-options-169x300.png\" class=\"attachment-medium size-medium\" alt=\"\" sizes=\"auto, (min-width: 1200px) 540px, (min-width: 992px) 450px, (min-width: 768px) 330px, (min-width: 576px) 240px, calc( 50vw - 30px )\" aria-describedby=\"gallery-1-3095\" srcset=\"https:\/\/www.syslat.fr\/wp-content\/uploads\/2020\/07\/isyslatpro2-options-169x300.png 169w, https:\/\/www.syslat.fr\/wp-content\/uploads\/2020\/07\/isyslatpro2-options-576x1024.png 576w, https:\/\/www.syslat.fr\/wp-content\/uploads\/2020\/07\/isyslatpro2-options.png 750w\" \/>\r\n                        <\/div>\r\n                              <figcaption class='wp-caption-text gallery-caption' id='gallery-1-3095'>\r\n                              Outils et \u00e9ditions dans une fiche\r\n                              <\/figcaption><\/figure><figure class='gallery-item col col-auto'>\r\n                        <div class='gallery-icon portrait czr-gallery-icon'>\r\n                              <a data-lb-type=\"grouped-gallery\" title=\"Module d\u2019\u00e9dition de texte\" href=https:\/\/www.syslat.fr\/wp-content\/uploads\/2020\/07\/isyslatpro2-\u00e9dition.png class=\"bg-link\"><\/a><img loading=\"lazy\" decoding=\"async\" width=\"169\" height=\"300\" src=\"https:\/\/www.syslat.fr\/wp-content\/uploads\/2020\/07\/isyslatpro2-\u00e9dition-169x300.png\" class=\"attachment-medium size-medium\" alt=\"\" sizes=\"auto, (min-width: 1200px) 540px, (min-width: 992px) 450px, (min-width: 768px) 330px, (min-width: 576px) 240px, calc( 50vw - 30px )\" aria-describedby=\"gallery-1-3091\" srcset=\"https:\/\/www.syslat.fr\/wp-content\/uploads\/2020\/07\/isyslatpro2-\u00e9dition-169x300.png 169w, https:\/\/www.syslat.fr\/wp-content\/uploads\/2020\/07\/isyslatpro2-\u00e9dition-576x1024.png 576w, https:\/\/www.syslat.fr\/wp-content\/uploads\/2020\/07\/isyslatpro2-\u00e9dition.png 750w\" \/>\r\n                        <\/div>\r\n                              <figcaption class='wp-caption-text gallery-caption' id='gallery-1-3091'>\r\n                              Module d\u2019\u00e9dition de texte\r\n                              <\/figcaption><\/figure>\r\n                  <\/div>\n\n<\/div>\n<\/div><\/div><\/div><div id=\"pgc-63-3-1\"  class=\"panel-grid-cell\" ><div id=\"panel-63-3-1-0\" class=\"so-panel widget widget_sow-editor panel-first-child panel-last-child\" data-index=\"5\" ><div\n\t\t\t\n\t\t\tclass=\"so-widget-sow-editor so-widget-sow-editor-base\"\n\t\t\t\n\t\t>\n<div class=\"siteorigin-widget-tinymce textwidget\">\n\t<h2><span style=\"font-size: 18pt;\"><strong>Adapt\u00e9e pour l'enregistrement sur le terrain<\/strong><\/span><\/h2>\n<p>iSyslatPro 2 h\u00e9rite \u00e9galement de plusieurs fonctions de Syslat-Terminal, notamment celles destin\u00e9es \u00e0 faciliter la saisie de donn\u00e9es. Tout comme son grand fr\u00e8re, l'application propose des menus d\u00e9roulants pour la saisie rapide et normalis\u00e9e dans la plupart des champs, et il est possible d'utiliser les m\u00eames biblioth\u00e8ques que dans la version compl\u00e8te. Un module \"Us rapide\" guide l'utilisateur dans l'enregistrement et la description d'une Unit\u00e9 Stratigraphique. Il permet de renseigner rapidement les principaux champs descriptifs et de cr\u00e9er\/compl\u00e9ter la fiche Fait si besoin.<\/p>\n<p>L'application sait aussi profiter des avantages des appareils mobiles pour encore am\u00e9liorer les proc\u00e9dures de saisie. Par exemple, le mode \"\u00e9dition\" disponible dans les champs de saisie libre utilise diverses fonctions propres aux syst\u00e8mes d'exploitation mobiles comme la dict\u00e9e, la correction orthographique ou la suggestion de mots. Ces fonctions sont optionnelles, rien n'oblige de les utiliser. Un autre exemple, iSyslatPro sait utiliser la cam\u00e9ra du smartphone ou de la tablette pour que vous puissiez prendre une photo sur le terrain et la synchroniser dans la foul\u00e9e avec le serveur.<\/p>\n<p>En somme, iSyslatPro 2 c'est la possibilit\u00e9 d'amener Syslat facilement sur le terrain et de mettre en place un syst\u00e8me d'enregistrement efficace, directement informatis\u00e9. Et puis rappelons qu'en configuration \"serveur distant\", les donn\u00e9es sont synchronis\u00e9es en temps r\u00e9el, et donc constamment sauvegard\u00e9es et accessibles depuis Syslat-Terminal.<\/p>\n<\/div>\n<\/div><\/div><\/div><\/div><div id=\"pg-63-4\"  class=\"panel-grid panel-no-style\" ><div id=\"pgc-63-4-0\"  class=\"panel-grid-cell\" ><div id=\"panel-63-4-0-0\" class=\"so-panel widget widget_sow-editor panel-first-child panel-last-child\" data-index=\"6\" ><div\n\t\t\t\n\t\t\tclass=\"so-widget-sow-editor so-widget-sow-editor-base\"\n\t\t\t\n\t\t>\n<div class=\"siteorigin-widget-tinymce textwidget\">\n\t<h2><span style=\"font-size: 18pt;\"><strong>Consultation et exploitation des donn\u00e9es<\/strong><\/span><\/h2>\n<p>Plusieurs fonctions permettent \u00e9galement une exploitation simple des donn\u00e9es d'un compte de site, facilitant ainsi la consultation rapide d'informations en mobilit\u00e9. iSyslatPro 2 propose un module de recherche avanc\u00e9e disponible, quel que soit le champ (Recherche simple, multicrit\u00e8res, rechercher\/remplacer, etc.). Comme dans Syslat-Terminal, il est possible d'effectuer des s\u00e9lections pr\u00e9cises de fiches gr\u00e2ce \u00e0 des proc\u00e9dures rapides et adapt\u00e9es, que ce soit pour trouver toutes les fiches Us appartenant \u00e0 un m\u00eame ensemble, ou tous les faits d'une phase pr\u00e9cise. En plus, l'application permet d'exporter en quelques secondes un tableau de donn\u00e9es ou une synth\u00e8se textuelle compl\u00e8te et de les envoyer par mail ou, sur iOS, de les synchroniser avec un service de cloud (Dropbox, iCloud, etc.).<\/p>\n<\/div>\n<\/div><\/div><\/div><\/div><div id=\"pg-63-5\"  class=\"panel-grid panel-no-style\" ><div id=\"pgc-63-5-0\"  class=\"panel-grid-cell\" ><div id=\"panel-63-5-0-0\" class=\"so-panel widget widget_text panel-first-child\" data-index=\"7\" >\t\t\t<div class=\"textwidget\"><p><center><strong>T\u00e9l\u00e9charger iSyslatPro 2<\/strong><\/center><\/p>\n<\/div>\n\t\t<\/div><div id=\"panel-63-5-0-1\" class=\"so-panel widget widget_sow-button panel-last-child\" data-index=\"8\" ><div\n\t\t\t\n\t\t\tclass=\"so-widget-sow-button so-widget-sow-button-flat-0fd87fd0df71-63\"\n\t\t\t\n\t\t><div class=\"ow-button-base ow-button-align-center\">\n\t\t\t<a\n\t\t\t\t\thref=\"https:\/\/www.syslat.fr\/index.php\/telechargements\/\"\n\t\t\t\t\tclass=\"sowb-button ow-icon-placement-left ow-button-hover\" \t>\n\t\t<span>\n\t\t\t<span class=\"sow-icon-fontawesome sow-fas\" data-sow-icon=\"&#xf019;\"\n\t\tstyle=\"color: #ffffff\" \n\t\taria-hidden=\"true\"><\/span>\n\t\t\tT\u00e9l\u00e9chargements\t\t<\/span>\n\t\t\t<\/a>\n\t<\/div>\n<\/div><\/div><\/div><div id=\"pgc-63-5-1\"  class=\"panel-grid-cell\" ><div id=\"panel-63-5-1-0\" class=\"so-panel widget widget_text panel-first-child\" data-index=\"9\" >\t\t\t<div class=\"textwidget\"><p><center><strong>En savoir plus<\/strong><\/center><\/p>\n<\/div>\n\t\t<\/div><div id=\"panel-63-5-1-1\" class=\"so-panel widget widget_sow-button panel-last-child\" data-index=\"10\" ><div\n\t\t\t\n\t\t\tclass=\"so-widget-sow-button so-widget-sow-button-flat-0fd87fd0df71-63\"\n\t\t\t\n\t\t><div class=\"ow-button-base ow-button-align-center\">\n\t\t\t<a\n\t\t\t\t\thref=\"https:\/\/www.syslat.fr\/index.php\/documentation\/\"\n\t\t\t\t\tclass=\"sowb-button ow-icon-placement-left ow-button-hover\" \t>\n\t\t<span>\n\t\t\t<span class=\"sow-icon-fontawesome sow-fas\" data-sow-icon=\"&#xf187;\"\n\t\tstyle=\"color: #ffffff\" \n\t\taria-hidden=\"true\"><\/span>\n\t\t\tDocumentation\t\t<\/span>\n\t\t\t<\/a>\n\t<\/div>\n<\/div><\/div><\/div><\/div><\/div>","protected":false},"excerpt":{"rendered":"<p>iSyslatPro 2, La solution mobile d&rsquo;enregistrement iSyslatPro 2 est une application pour mobiles disponible sur Android et iOS. Elle permet de g\u00e9rer l&rsquo;essentiel des donn\u00e9es de terrain sur des fiches adapt\u00e9es \u00e0 la saisie et \u00e0 la consultation mobile. Comme Syslat-Terminal, l&rsquo;application est \u00ab\u00a0multi-serveur\u00a0\u00bb\u00a0: en mode serveur, iSyslatPro permet de consulter ou d&rsquo;enregistrer les donn\u00e9es [&hellip;]<\/p>\n","protected":false},"author":2,"featured_media":1382,"parent":166,"menu_order":3,"comment_status":"closed","ping_status":"closed","template":"","meta":{"footnotes":""},"class_list":["post-63","page","type-page","status-publish","has-post-thumbnail","czr-hentry"],"_links":{"self":[{"href":"https:\/\/www.syslat.fr\/index.php\/wp-json\/wp\/v2\/pages\/63","targetHints":{"allow":["GET"]}}],"collection":[{"href":"https:\/\/www.syslat.fr\/index.php\/wp-json\/wp\/v2\/pages"}],"about":[{"href":"https:\/\/www.syslat.fr\/index.php\/wp-json\/wp\/v2\/types\/page"}],"author":[{"embeddable":true,"href":"https:\/\/www.syslat.fr\/index.php\/wp-json\/wp\/v2\/users\/2"}],"replies":[{"embeddable":true,"href":"https:\/\/www.syslat.fr\/index.php\/wp-json\/wp\/v2\/comments?post=63"}],"version-history":[{"count":55,"href":"https:\/\/www.syslat.fr\/index.php\/wp-json\/wp\/v2\/pages\/63\/revisions"}],"predecessor-version":[{"id":3101,"href":"https:\/\/www.syslat.fr\/index.php\/wp-json\/wp\/v2\/pages\/63\/revisions\/3101"}],"up":[{"embeddable":true,"href":"https:\/\/www.syslat.fr\/index.php\/wp-json\/wp\/v2\/pages\/166"}],"wp:featuredmedia":[{"embeddable":true,"href":"https:\/\/www.syslat.fr\/index.php\/wp-json\/wp\/v2\/media\/1382"}],"wp:attachment":[{"href":"https:\/\/www.syslat.fr\/index.php\/wp-json\/wp\/v2\/media?parent=63"}],"curies":[{"name":"wp","href":"https:\/\/api.w.org\/{rel}","templated":true}]}}